{"id":39,"date":"2024-10-30T22:13:01","date_gmt":"2024-10-30T22:13:01","guid":{"rendered":"https:\/\/www.planmanufaktur.com\/?page_id=39"},"modified":"2024-10-30T22:13:24","modified_gmt":"2024-10-30T22:13:24","slug":"39-2","status":"publish","type":"page","link":"https:\/\/www.planmanufaktur.com\/?page_id=39","title":{"rendered":"impressum"},"content":{"rendered":"\n<p>STOCKERinvest GmbH<br>SOHO 1<br>Grabenweg 64<br>6020 Innsbruck<\/p>\n\n\n\n<p><a href=\"tel:+43 676 6284427\">+43 676 6284427<\/a><br><a href=\"mailto:office@stocker.immo\">office@stocker.immo<\/a><\/p>\n\n\n\n<p>Gesch\u00e4ftsf\u00fchrer: Mathias Stocker<br>Firmenbuchnummer: FN549691w<br>Interessentenvertretung: Mitglied der Wirtschaftskammer \u00d6sterreich<\/p>\n","protected":false},"excerpt":{"rendered":"<p>STOCKERinvest GmbHSOHO 1Grabenweg 646020 Innsbruck +43 676 6284427office@stocker.immo Gesch\u00e4ftsf\u00fchrer: Mathias StockerFirmenbuchnummer: FN549691wInteressentenvertretung: Mitglied der Wirtschaftskammer \u00d6sterreich<\/p>\n","protected":false},"author":1,"featured_media":0,"parent":0,"menu_order":0,"comment_status":"closed","ping_status":"closed","template":"","meta":{"footnotes":""},"class_list":["post-39","page","type-page","status-publish","hentry"],"_links":{"self":[{"href":"https:\/\/www.planmanufaktur.com\/index.php?rest_route=\/wp\/v2\/pages\/39","targetHints":{"allow":["GET"]}}],"collection":[{"href":"https:\/\/www.planmanufaktur.com\/index.php?rest_route=\/wp\/v2\/pages"}],"about":[{"href":"https:\/\/www.planmanufaktur.com\/index.php?rest_route=\/wp\/v2\/types\/page"}],"author":[{"embeddable":true,"href":"https:\/\/www.planmanufaktur.com\/index.php?rest_route=\/wp\/v2\/users\/1"}],"replies":[{"embeddable":true,"href":"https:\/\/www.planmanufaktur.com\/index.php?rest_route=%2Fwp%2Fv2%2Fcomments&post=39"}],"version-history":[{"count":2,"href":"https:\/\/www.planmanufaktur.com\/index.php?rest_route=\/wp\/v2\/pages\/39\/revisions"}],"predecessor-version":[{"id":41,"href":"https:\/\/www.planmanufaktur.com\/index.php?rest_route=\/wp\/v2\/pages\/39\/revisions\/41"}],"wp:attachment":[{"href":"https:\/\/www.planmanufaktur.com\/index.php?rest_route=%2Fwp%2Fv2%2Fmedia&parent=39"}],"curies":[{"name":"wp","href":"https:\/\/api.w.org\/{rel}","templated":true}]}}